{"id":77,"date":"2022-10-17T11:36:15","date_gmt":"2022-10-17T09:36:15","guid":{"rendered":"https:\/\/film-sound-design.de\/?page_id=77"},"modified":"2022-11-21T16:34:15","modified_gmt":"2022-11-21T15:34:15","slug":"soundscapes","status":"publish","type":"page","link":"https:\/\/film-sound-design.de\/?page_id=77","title":{"rendered":"Soundscapes"},"content":{"rendered":"\n<figure class=\"wp-block-image size-full\"><img loading=\"lazy\" decoding=\"async\" width=\"800\" height=\"600\" src=\"https:\/\/film-sound-design.de\/wp-content\/uploads\/2022\/10\/20141029_171033.jpg\" alt=\"\" class=\"wp-image-90\" srcset=\"https:\/\/film-sound-design.de\/wp-content\/uploads\/2022\/10\/20141029_171033.jpg 800w, https:\/\/film-sound-design.de\/wp-content\/uploads\/2022\/10\/20141029_171033-300x225.jpg 300w, https:\/\/film-sound-design.de\/wp-content\/uploads\/2022\/10\/20141029_171033-768x576.jpg 768w\" sizes=\"auto, (max-width: 800px) 100vw, 800px\" \/><\/figure>\n\n\n\n<p>Klang (land) schaften &#8211; ein vom kanadischen Komponisten Murray Schafer gepr\u00e4gter Begriff, der ein Umwelt-Sound-design als Kompositionsform meint. In Kanada mitlerweile sehr verbreitet als Kompositionsform. Soundscapes&nbsp; gibt es zum einen durch die &#8222;nat\u00fcrliche&#8220; Ger\u00e4uschumgebung (Atmo), die jeder Ort hat. Zum anderen aber auch durch bewu\u00dfte Eingriffe in diese Klangumgebungen. Wenn zb. an einem gro\u00dfen See mit Waldlandschaft um den See Musiker plaziert werden, die in die&nbsp; nat\u00fcrliche Klangkulisse von Zeit zu Zeit Musik einspielen, entsteht daraus eine gestaltete Klanglandschaft (Soundscape). Im Akustik-Design wird diese Form zur Maskierung von St\u00f6rger\u00e4uschen benutzt. Soundscape-Design meint die behutsame Bereicherung oder Transformation einer bestehenden Klanglandschaft als k\u00fcnstlerischer Proze\u00df.<\/p>\n\n\n\n<p>Vision\u00e4res Ideal der Soundscapedesigner um Murray Schaefer ist der Dialog mit der Industrie, um \u00fcber eine bewu\u00dfte &#8211; nach klanglichen Kriterien gestaltete &#8211; Entwicklung von Ger\u00e4usch- und Klangerzeugern im \u00f6ffentlichen Leben zu einer Form von harmonisierter Umgebungsakustik (Sound Ecology) zu gelangen.&nbsp;<\/p>\n\n\n\n<p>Bestehende Soundscapes werden zunehmend als Rohmaterial f\u00fcr Soundscapekompositionen im Bereich akustische Kunst \/ H\u00f6rspiel, als auch als Sounddesign f\u00fcr Tanz- und Theaterauff\u00fchrungen eingesetzt, da auch diesen K\u00fcnstlern mitlerweile bewu\u00dft geworden ist, da\u00df wir es heute mit sehr spezifischen, stark differierenden&nbsp; und unsere Zeit charakterisierenden Klanglandschaften in den verschiedensten Teilen der Welt zu tun haben.<\/p>\n\n\n\n<h2 class=\"wp-block-heading\">Links:<\/h2>\n\n\n\n<p><a rel=\"noreferrer noopener\" href=\"https:\/\/de.wikipedia.org\/wiki\/Soundscape\" target=\"_blank\">Soundscape (Wikipedia)<\/a><br><a rel=\"noreferrer noopener\" href=\"http:\/\/soundscapefestival.org\/composition\/\" target=\"_blank\">Soundscape Festival<\/a><br><a rel=\"noreferrer noopener\" href=\"https:\/\/www.sfu.ca\/sonic-studio-webdav\/WSP\/\" target=\"_blank\">The world Soundscape Project<\/a><br><a rel=\"noreferrer noopener\" href=\"https:\/\/www.cambridge.org\/core\/journals\/organised-sound\/article\/abs\/soundscape-composition-enhancing-our-understanding-of-changing-soundscapes\/30F025A6192C5CA6B2EBE2FBABB1E760\" target=\"_blank\">Cambrige Core<\/a><br><a rel=\"noreferrer noopener\" href=\"https:\/\/academic.oup.com\/bioscience\/article\/61\/3\/203\/238162?login\" target=\"_blank\">Oxford Academic<\/a><br><a rel=\"noreferrer noopener\" href=\"http:\/\/www.sfu.ca\/~truax\/OS5.html\" target=\"_blank\">Barry Truax<\/a><br><\/p>\n","protected":false},"excerpt":{"rendered":"<p>Klang (land) schaften &#8211; ein vom kanadischen Komponisten Murray Schafer gepr\u00e4gter Begriff, der ein Umwelt-Sound-design als Kompositionsform meint. In Kanada [&hellip;]<\/p>\n","protected":false},"author":1,"featured_media":0,"parent":0,"menu_order":0,"comment_status":"closed","ping_status":"closed","template":"","meta":{"footnotes":""},"class_list":["post-77","page","type-page","status-publish","hentry"],"_links":{"self":[{"href":"https:\/\/film-sound-design.de\/index.php?rest_route=\/wp\/v2\/pages\/77","targetHints":{"allow":["GET"]}}],"collection":[{"href":"https:\/\/film-sound-design.de\/index.php?rest_route=\/wp\/v2\/pages"}],"about":[{"href":"https:\/\/film-sound-design.de\/index.php?rest_route=\/wp\/v2\/types\/page"}],"author":[{"embeddable":true,"href":"https:\/\/film-sound-design.de\/index.php?rest_route=\/wp\/v2\/users\/1"}],"replies":[{"embeddable":true,"href":"https:\/\/film-sound-design.de\/index.php?rest_route=%2Fwp%2Fv2%2Fcomments&post=77"}],"version-history":[{"count":4,"href":"https:\/\/film-sound-design.de\/index.php?rest_route=\/wp\/v2\/pages\/77\/revisions"}],"predecessor-version":[{"id":180,"href":"https:\/\/film-sound-design.de\/index.php?rest_route=\/wp\/v2\/pages\/77\/revisions\/180"}],"wp:attachment":[{"href":"https:\/\/film-sound-design.de\/index.php?rest_route=%2Fwp%2Fv2%2Fmedia&parent=77"}],"curies":[{"name":"wp","href":"https:\/\/api.w.org\/{rel}","templated":true}]}}